{"id":10346,"date":"2024-01-15T11:52:59","date_gmt":"2024-01-15T10:52:59","guid":{"rendered":"https:\/\/www.wim.wat.edu.pl\/test\/?page_id=10346"},"modified":"2024-01-15T15:02:42","modified_gmt":"2024-01-15T14:02:42","slug":"druki-dla-dyplomantow","status":"publish","type":"page","link":"https:\/\/www.wim.wat.edu.pl\/test\/druki-dla-dyplomantow\/","title":{"rendered":"Druki dla dyplomant\u00f3w"},"content":{"rendered":"<table style=\"padding-bottom: 30px;\" width=\"90%\" cellspacing=\"0\" cellpadding=\"10\">\n<tbody>\n<tr>\n<td style=\"border-bottom: 1px solid #330000;\"><a href=\"..\/..\/test\/wp-content\/uploads\/2024\/01\/kalendarzowy_plan_wykonania_pracy_dyplomowej.doc\" target=\"_blank\" rel=\"noopener\"><img decoding=\"async\" style=\"padding-right: 20px; padding-left: 30px; vertical-align: middle; float: left;\" src=\"..\/..\/test\/wp-content\/uploads\/ikony\/ico_doc.png\" \/>Kalendarzowy plan wykonania pracy dyplomowej<\/a><\/td>\n<\/tr>\n<tr>\n<td style=\"border-bottom: 1px solid #330000;\"><a href=\"..\/..\/test\/wp-content\/uploads\/2024\/01\/karta_informacyjna_o_dyplomancie.doc\" target=\"_blank\" rel=\"noopener\"><img decoding=\"async\" style=\"padding-right: 20px; padding-left: 30px; vertical-align: middle; float: left;\" src=\"..\/..\/test\/wp-content\/uploads\/ikony\/ico_doc.png\" \/>Karta informacyjna o dyplomancie<\/a><\/td>\n<\/tr>\n<tr>\n<td style=\"border-bottom: 1px solid #330000;\"><a href=\"..\/..\/test\/wp-content\/uploads\/2024\/01\/przyklad_wykazania_zalacznikow_w_spisie_tresci.docx\" target=\"_blank\" rel=\"noopener\"><img decoding=\"async\" style=\"padding-right: 20px; padding-left: 30px; vertical-align: middle; float: left;\" src=\"..\/..\/test\/wp-content\/uploads\/ikony\/ico_doc.png\" \/>Przyk\u0142ad wykazania za\u0142\u0105cznik\u00f3w w spisie tre\u015bci do pracy<br \/>\n<\/a><\/td>\n<\/tr>\n<tr>\n<td style=\"border-bottom: 1px solid #330000;\"><a href=\"..\/..\/test\/wp-content\/uploads\/2024\/01\/strona_tytulowa_pracy_dyplomowej_dla_kierunku_biogospodarka.doc\" target=\"_blank\" rel=\"noopener\"><img decoding=\"async\" style=\"padding-right: 20px; padding-left: 30px; vertical-align: middle; float: left;\" src=\"..\/..\/test\/wp-content\/uploads\/ikony\/ico_doc.png\" \/>Strona tytu\u0142owa pracy dyplomowej dla kierunku Biogospodarka<br \/>\n<\/a><\/td>\n<\/tr>\n<tr>\n<td style=\"border-bottom: 1px solid #330000;\"><a href=\"..\/..\/test\/wp-content\/uploads\/2024\/01\/str.tyt.pracy_dyplomowej_dla_kier.log_dla_specjalnosci_l._i_ekologia_plynow_eksploatacyjnych_oraz_l.w_motoryzacji.doc\" target=\"_blank\" rel=\"noopener\"><img decoding=\"async\" style=\"padding-right: 20px; padding-left: 30px; vertical-align: middle; float: left;\" src=\"..\/..\/test\/wp-content\/uploads\/ikony\/ico_doc.png\" \/>Strona tytu\u0142owa pracy dyplomowej dla kierunku Logistyka, specjalno\u015b\u0107 Logistyka i ekologia p\u0142yn\u00f3w eksploatacyjnych oraz Logistyka w motoryzacji<br \/>\n<\/a><\/td>\n<\/tr>\n<tr>\n<td style=\"border-bottom: 1px solid #330000;\"><a href=\"..\/..\/test\/wp-content\/uploads\/2024\/01\/strona_tytulowa_pracy_dyplomowej_dla_kierunku_mechanika_i_budowa_maszyn.doc\" target=\"_blank\" rel=\"noopener\"><img decoding=\"async\" style=\"padding-right: 20px; padding-left: 30px; vertical-align: middle; float: left;\" src=\"..\/..\/test\/wp-content\/uploads\/ikony\/ico_doc.png\" \/>Strona tytu\u0142owa pracy dyplomowej dla kierunku Mechanika i budowa maszyn<br \/>\n<\/a><\/td>\n<\/tr>\n<tr>\n<td style=\"border-bottom: 1px solid #330000;\"><a href=\"..\/..\/test\/wp-content\/uploads\/2024\/01\/strona_tytulowa_pracy_dyplomowej_dla_kierunku_biocybernetyka _i_inzynieria_biomedyczna_specjalnosc_biocybernetyka.doc\" target=\"_blank\" rel=\"noopener\"><img decoding=\"async\" style=\"padding-right: 20px; padding-left: 30px; vertical-align: middle; float: left;\" src=\"..\/..\/test\/wp-content\/uploads\/ikony\/ico_doc.png\" \/>Strona tytu\u0142owa pracy dyplomowej dla kierunku Biocybernetyka i In\u017cynieria Biomedyczna; specjalno\u015b\u0107 Biocybernetyka<br \/>\n<\/a><\/td>\n<\/tr>\n<tr>\n<td style=\"border-bottom: 1px solid #330000;\"><a href=\"..\/..\/test\/wp-content\/uploads\/2024\/01\/strona_tytulowa_pracy_dyplomowej_dla_kierunku_biocybernetyka _i_inzynieria_biomedyczna_specjalnosc_elektronika_biomedyczna.doc\" target=\"_blank\" rel=\"noopener\"><img decoding=\"async\" style=\"padding-right: 20px; padding-left: 30px; vertical-align: middle; float: left;\" src=\"..\/..\/test\/wp-content\/uploads\/ikony\/ico_doc.png\" \/>Strona tytu\u0142owa pracy dyplomowej dla kierunku Biocybernetyka i In\u017cynieria Biomedyczna; specjalno\u015b\u0107 Elektronika biomedyczna<br \/>\n<\/a><\/td>\n<\/tr>\n<tr>\n<td style=\"border-bottom: 1px solid #330000;\"><a href=\"..\/..\/test\/wp-content\/uploads\/2024\/01\/strona_tytulowa_pracy_dyplomowej_dla_kierunku_biocybernetyka _i_inzynieria_biomedyczna_specjalnosc_biomechatronika_i_sprzet_rehabilitacyjny.doc\" target=\"_blank\" rel=\"noopener\"><img decoding=\"async\" style=\"padding-right: 20px; padding-left: 30px; vertical-align: middle; float: left;\" src=\"..\/..\/test\/wp-content\/uploads\/ikony\/ico_doc.png\" \/>Strona tytu\u0142owa pracy dyplomowej dla kierunku Biocybernetyka i In\u017cynieria biomedyczna; Specjalno\u015b\u0107 Biomechatronika i sprz\u0119t rehabilitacyjny<br \/>\n<\/a><\/td>\n<\/tr>\n<tr>\n<td style=\"border-bottom: 1px solid #330000;\"><a href=\"..\/..\/test\/wp-content\/uploads\/2024\/01\/strona_tytulowa_pracy_dyplomowej_dla_kierunku_biocybernetyka _i_inzynieria_biomedyczna_specjalnosc_optoelektronika_dla_inzynierii_biomedycznej.doc\" target=\"_blank\" rel=\"noopener\"><img decoding=\"async\" style=\"padding-right: 20px; padding-left: 30px; vertical-align: middle; float: left;\" src=\"..\/..\/test\/wp-content\/uploads\/ikony\/ico_doc.png\" \/>Strona tytu\u0142owa pracy dyplomowej dla kierunku Biocybernetykai In\u017cynieria biomedyczna; specjalno\u015b\u0107 Optoelektronika dla in\u017cynierii biomedycznej<br \/>\n<\/a><\/td>\n<\/tr>\n<tr>\n<td style=\"border-bottom: 1px solid #330000;\"><a href=\"..\/..\/test\/wp-content\/uploads\/2024\/01\/strona_tytulowa_pracy_dyplomowej_dla_specjalnosci_logistyka_przedsi\u0119biorstw_profil_ogolnoakademicki.doc\" target=\"_blank\" rel=\"noopener\"><img decoding=\"async\" style=\"padding-right: 20px; padding-left: 30px; vertical-align: middle; float: left;\" src=\"..\/..\/test\/wp-content\/uploads\/ikony\/ico_doc.png\" \/>Strona tytu\u0142owa pracy dyplomowej dla specjalno\u015bci Logistyka przedsi\u0119biorstw profil og\u00f3lnoakademicki<br \/>\n<\/a><\/td>\n<\/tr>\n<tr>\n<td style=\"border-bottom: 1px solid #330000;\"><a href=\"..\/..\/test\/wp-content\/uploads\/2024\/01\/wzor_ostatniej_strony_pracy_dyplomowej.doc\" target=\"_blank\" rel=\"noopener\"><img decoding=\"async\" style=\"padding-right: 20px; padding-left: 30px; vertical-align: middle; float: left;\" src=\"..\/..\/test\/wp-content\/uploads\/ikony\/ico_doc.png\" \/>Wz\u00f3r ostatniej strony pracy dyplomowej<br \/>\n<\/a><\/td>\n<\/tr>\n<\/tbody>\n<\/table>\n","protected":false},"excerpt":{"rendered":"<p>Kalendarzowy plan wykonania pracy dyplomowej Karta informacyjna o dyplomancie Przyk\u0142ad wykazania za\u0142\u0105cznik\u00f3w w spisie tre\u015bci do pracy Strona tytu\u0142owa pracy dyplomowej dla kierunku Biogospodarka Strona tytu\u0142owa pracy dyplomowej dla kierunku Logistyka, specjalno\u015b\u0107 Logistyka i ekologia p\u0142yn\u00f3w eksploatacyjnych oraz Logistyka w motoryzacji Strona tytu\u0142owa pracy dyplomowej dla kierunku Mechanika i budowa maszyn Strona tytu\u0142owa pracy dyplomowej [&hellip;]<\/p>\n","protected":false},"author":2,"featured_media":0,"parent":0,"menu_order":0,"comment_status":"closed","ping_status":"closed","template":"","meta":[],"_links":{"self":[{"href":"https:\/\/www.wim.wat.edu.pl\/test\/wp-json\/wp\/v2\/pages\/10346"}],"collection":[{"href":"https:\/\/www.wim.wat.edu.pl\/test\/wp-json\/wp\/v2\/pages"}],"about":[{"href":"https:\/\/www.wim.wat.edu.pl\/test\/wp-json\/wp\/v2\/types\/page"}],"author":[{"embeddable":true,"href":"https:\/\/www.wim.wat.edu.pl\/test\/wp-json\/wp\/v2\/users\/2"}],"replies":[{"embeddable":true,"href":"https:\/\/www.wim.wat.edu.pl\/test\/wp-json\/wp\/v2\/comments?post=10346"}],"version-history":[{"count":5,"href":"https:\/\/www.wim.wat.edu.pl\/test\/wp-json\/wp\/v2\/pages\/10346\/revisions"}],"predecessor-version":[{"id":10368,"href":"https:\/\/www.wim.wat.edu.pl\/test\/wp-json\/wp\/v2\/pages\/10346\/revisions\/10368"}],"wp:attachment":[{"href":"https:\/\/www.wim.wat.edu.pl\/test\/wp-json\/wp\/v2\/media?parent=10346"}],"curies":[{"name":"wp","href":"https:\/\/api.w.org\/{rel}","templated":true}]}}