{"id":10351,"date":"2024-01-15T14:19:41","date_gmt":"2024-01-15T13:19:41","guid":{"rendered":"https:\/\/www.wim.wat.edu.pl\/test\/?page_id=10351"},"modified":"2024-01-15T15:11:46","modified_gmt":"2024-01-15T14:11:46","slug":"terminarz-dyplomowania","status":"publish","type":"page","link":"https:\/\/www.wim.wat.edu.pl\/test\/terminarz-dyplomowania\/","title":{"rendered":"Terminarz dyplomowania"},"content":{"rendered":"<table style=\"padding-bottom: 30px;\" width=\"90%\" cellspacing=\"0\" cellpadding=\"10\">\n<tbody>\n<tr>\n<td style=\"border-bottom: 1px solid #330000;\"><a href=\"..\/..\/test\/wp-content\/uploads\/2024\/01\/terminarz_dyplomowania_studia_stacjonarne_-_obrona_luty_2024_nabor_2020.pdf\" target=\"_blank\" rel=\"noopener\"><img decoding=\"async\" style=\"padding-right: 20px; padding-left: 30px; padding-bottom:20px; vertical-align: middle; float: left;\" src=\"..\/..\/test\/wp-content\/uploads\/ikony\/ico_pdf.png\" \/>Terminarz czynno\u015bci zwi\u0105zanych z wykonywaniem prac dyplomowych i przeprowadzeniem egzamin\u00f3w dyplomowych w r.a. 2022\/2023 i 2023\/2024 dla student\u00f3w stacjonarnych studi\u00f3w pierwszego stopnia \u2013 nab\u00f3r pa\u017adziernik 2020<\/a><\/td>\n<\/tr>\n<tr>\n<td style=\"border-bottom: 1px solid #330000;\"><a href=\"..\/..\/test\/wp-content\/uploads\/2024\/01\/terminarz_dyplomowania_studia_niestacjonarne_-_obrona_luty_2024_nabor_2020.pdf\" target=\"_blank\" rel=\"noopener\"><img decoding=\"async\" style=\"padding-right: 20px; padding-left: 30px; padding-bottom: 20px; vertical-align: middle; float: left;\" src=\"..\/..\/test\/wp-content\/uploads\/ikony\/ico_pdf.png\" \/>Terminarz czynno\u015bci zwi\u0105zanych z wykonywaniem prac dyplomowych i przeprowadzeniem egzamin\u00f3w dyplomowych w r.a. 2022\/2023 i 2023\/2024 dla student\u00f3w niestacjonarnych studi\u00f3w pierwszego stopnia \u2013 nab\u00f3r pa\u017adziernik 2020<\/a><\/td>\n<\/tr>\n<tr>\n<td style=\"border-bottom: 1px solid #330000;\"><a href=\"..\/..\/test\/wp-content\/uploads\/2024\/01\/terminarz_dyplomowania_JSM_nabor_pazdziernik_2019_-_obrona_maj_2024.pdf\" target=\"_blank\" rel=\"noopener\"><img decoding=\"async\" style=\"padding-right: 20px; padding-left: 30px; padding-bottom: 20px; vertical-align: middle; float: left;\" src=\"..\/..\/test\/wp-content\/uploads\/ikony\/ico_pdf.png\" \/>Terminarz czynno\u015bci zwi\u0105zanych z wykonywaniem prac dyplomowych i przeprowadzeniem egzamin\u00f3w dyplomowych w roku akademickim 2022\/2023 i 2023\/2024 dla student\u00f3w \u2013 kandydat\u00f3w na oficer\u00f3w jednolitych studi\u00f3w magisterskich \u2013 nab\u00f3r pa\u017adziernik 2019<\/a><\/td>\n<\/tr>\n<tr>\n<td style=\"border-bottom: 1px solid #330000;\"><a href=\"..\/..\/test\/wp-content\/uploads\/2024\/01\/terminarz_dyplomowania_SD_nabor_luty_2023_-_obrona_czerwiec_2024.pdf\" target=\"_blank\" rel=\"noopener\"><img decoding=\"async\" style=\"padding-right: 20px; padding-left: 30px; padding-bottom: 20px; vertical-align: middle; float: left;\" src=\"..\/..\/test\/wp-content\/uploads\/ikony\/ico_pdf.png\" \/>Terminarz czynno\u015bci zwi\u0105zanych z wykonywaniem prac dyplomowych i przeprowadzeniem egzamin\u00f3w dyplomowych w roku akademickim 2022\/2023 2023\/2024 dla student\u00f3w stacjonarnych studi\u00f3w drugiego stopnia \u2013 nab\u00f3r luty 2023<\/a><\/td>\n<\/tr>\n<\/tbody>\n<\/table>\n","protected":false},"excerpt":{"rendered":"<p>Terminarz czynno\u015bci zwi\u0105zanych z wykonywaniem prac dyplomowych i przeprowadzeniem egzamin\u00f3w dyplomowych w r.a. 2022\/2023 i 2023\/2024 dla student\u00f3w stacjonarnych studi\u00f3w pierwszego stopnia \u2013 nab\u00f3r pa\u017adziernik 2020 Terminarz czynno\u015bci zwi\u0105zanych z wykonywaniem prac dyplomowych i przeprowadzeniem egzamin\u00f3w dyplomowych w r.a. 2022\/2023 i 2023\/2024 dla student\u00f3w niestacjonarnych studi\u00f3w pierwszego stopnia \u2013 nab\u00f3r pa\u017adziernik 2020 Terminarz czynno\u015bci zwi\u0105zanych [&hellip;]<\/p>\n","protected":false},"author":2,"featured_media":0,"parent":0,"menu_order":0,"comment_status":"closed","ping_status":"closed","template":"","meta":[],"_links":{"self":[{"href":"https:\/\/www.wim.wat.edu.pl\/test\/wp-json\/wp\/v2\/pages\/10351"}],"collection":[{"href":"https:\/\/www.wim.wat.edu.pl\/test\/wp-json\/wp\/v2\/pages"}],"about":[{"href":"https:\/\/www.wim.wat.edu.pl\/test\/wp-json\/wp\/v2\/types\/page"}],"author":[{"embeddable":true,"href":"https:\/\/www.wim.wat.edu.pl\/test\/wp-json\/wp\/v2\/users\/2"}],"replies":[{"embeddable":true,"href":"https:\/\/www.wim.wat.edu.pl\/test\/wp-json\/wp\/v2\/comments?post=10351"}],"version-history":[{"count":5,"href":"https:\/\/www.wim.wat.edu.pl\/test\/wp-json\/wp\/v2\/pages\/10351\/revisions"}],"predecessor-version":[{"id":10372,"href":"https:\/\/www.wim.wat.edu.pl\/test\/wp-json\/wp\/v2\/pages\/10351\/revisions\/10372"}],"wp:attachment":[{"href":"https:\/\/www.wim.wat.edu.pl\/test\/wp-json\/wp\/v2\/media?parent=10351"}],"curies":[{"name":"wp","href":"https:\/\/api.w.org\/{rel}","templated":true}]}}