{"id":10364,"date":"2024-01-15T14:39:05","date_gmt":"2024-01-15T13:39:05","guid":{"rendered":"https:\/\/www.wim.wat.edu.pl\/test\/?page_id=10364"},"modified":"2024-01-15T15:27:48","modified_gmt":"2024-01-15T14:27:48","slug":"archiwum-prac-dyplomowych-apd","status":"publish","type":"page","link":"https:\/\/www.wim.wat.edu.pl\/test\/archiwum-prac-dyplomowych-apd\/","title":{"rendered":"Archiwum Prac Dyplomowych (APD)"},"content":{"rendered":"<table style=\"padding-bottom: 30px;\" width=\"90%\" cellspacing=\"0\" cellpadding=\"10\">\n<tbody>\n<tr>\n<td style=\"border-bottom: 1px solid #330000;\"><a href=\"..\/..\/test\/wp-content\/uploads\/2024\/01\/Instrukcja_dla_promotorow_dotyczaca_wprowadzenia_tematu_do_APD_%20WIM_2023.pdf\" target=\"_blank\" rel=\"noopener\"><img decoding=\"async\" style=\"padding-right: 20px; padding-left: 30px; vertical-align: middle; float: left;\" src=\"..\/..\/test\/wp-content\/uploads\/ikony\/ico_pdf.png\" \/>Instrukcja dla promotor\u00f3w dotycz\u0105ca wprowadzenia tematu do APD dla student\u00f3w WIM<\/a><\/td>\n<\/tr>\n<tr>\n<td style=\"border-bottom: 1px solid #330000;\"><a href=\"..\/..\/test\/wp-content\/uploads\/2024\/01\/APD_STUDENT_WAT_V02-1.pdf\" target=\"_blank\" rel=\"noopener\"><img decoding=\"async\" style=\"padding-right: 20px; padding-left: 30px; vertical-align: middle; float: left;\" src=\"..\/..\/test\/wp-content\/uploads\/ikony\/ico_pdf.png\" \/>Archiwum prac dyplomowych \u2013 Instrukcja dla student\u00f3w<\/a><\/td>\n<\/tr>\n<tr>\n<td style=\"border-bottom: 1px solid #330000;\"><a href=\"..\/..\/test\/wp-content\/uploads\/2024\/01\/Wybor_tematow_prac_dyplomowych_maj_2024%20-%20instrukcja_dla_studentow_jednolitych_studiow_magisterskich.pdf\" target=\"_blank\" rel=\"noopener\"><img decoding=\"async\" style=\"padding-right: 20px; padding-left: 30px; vertical-align: middle; float: left;\" src=\"..\/..\/test\/wp-content\/uploads\/ikony\/ico_pdf.png\" \/>Wyb\u00f3r temat\u00f3w prac dyplomowych \u2013 instrukcja dla student\u00f3w jednolitych studi\u00f3w magisterskich<\/a><\/td>\n<\/tr>\n<\/tbody>\n<\/table>\n<p><a href=\"https:\/\/usosapd.wat.edu.pl\" target=\"_blank\" rel=\"noopener\"><u>Archiwum prac dyplomowych &#8211; Instrukcje og\u00f3lne<\/u><\/a><\/p>\n","protected":false},"excerpt":{"rendered":"<p>Instrukcja dla promotor\u00f3w dotycz\u0105ca wprowadzenia tematu do APD dla student\u00f3w WIM Archiwum prac dyplomowych \u2013 Instrukcja dla student\u00f3w Wyb\u00f3r temat\u00f3w prac dyplomowych \u2013 instrukcja dla student\u00f3w jednolitych studi\u00f3w magisterskich Archiwum prac dyplomowych &#8211; Instrukcje og\u00f3lne<\/p>\n","protected":false},"author":2,"featured_media":0,"parent":0,"menu_order":0,"comment_status":"closed","ping_status":"closed","template":"","meta":[],"_links":{"self":[{"href":"https:\/\/www.wim.wat.edu.pl\/test\/wp-json\/wp\/v2\/pages\/10364"}],"collection":[{"href":"https:\/\/www.wim.wat.edu.pl\/test\/wp-json\/wp\/v2\/pages"}],"about":[{"href":"https:\/\/www.wim.wat.edu.pl\/test\/wp-json\/wp\/v2\/types\/page"}],"author":[{"embeddable":true,"href":"https:\/\/www.wim.wat.edu.pl\/test\/wp-json\/wp\/v2\/users\/2"}],"replies":[{"embeddable":true,"href":"https:\/\/www.wim.wat.edu.pl\/test\/wp-json\/wp\/v2\/comments?post=10364"}],"version-history":[{"count":3,"href":"https:\/\/www.wim.wat.edu.pl\/test\/wp-json\/wp\/v2\/pages\/10364\/revisions"}],"predecessor-version":[{"id":10377,"href":"https:\/\/www.wim.wat.edu.pl\/test\/wp-json\/wp\/v2\/pages\/10364\/revisions\/10377"}],"wp:attachment":[{"href":"https:\/\/www.wim.wat.edu.pl\/test\/wp-json\/wp\/v2\/media?parent=10364"}],"curies":[{"name":"wp","href":"https:\/\/api.w.org\/{rel}","templated":true}]}}