{"id":8699,"date":"2023-12-06T09:34:47","date_gmt":"2023-12-06T08:34:47","guid":{"rendered":"https:\/\/www.wim.wat.edu.pl\/test\/?page_id=8699"},"modified":"2023-12-08T12:35:05","modified_gmt":"2023-12-08T11:35:05","slug":"listy-gratulacyjne","status":"publish","type":"page","link":"https:\/\/www.wim.wat.edu.pl\/test\/listy-gratulacyjne\/","title":{"rendered":"Listy gratulacyjne i podzi\u0119kowania przes\u0142ane na r\u0119ce Dziekana Wydzia\u0142u In\u017cynierii Mechanicznej WAT"},"content":{"rendered":"<table align=\"center\" style=\"text-align: center;\" width=\"auto\">\n<tbody>\n<tr>\n<td>&nbsp;<\/td>\n<td>&nbsp;&nbsp;&nbsp;&nbsp;<\/td>\n<td>&nbsp;<\/td>\n<td>&nbsp;&nbsp;&nbsp;&nbsp;<\/td>\n<td>&nbsp;<\/td>\n<td>&nbsp;&nbsp;&nbsp;&nbsp;<\/td>\n<td><a class=\"fancy\" title=\"\" href=\"..\/wp-content\/uploads\/listy\/List_PW_20.11.2023.jpg\"><img decoding=\"async\" style=\"border:1px solid gray;\" src=\"..\/wp-content\/uploads\/listy\/List_PW_20.11.2023.jpg\" width=\"220\" alt=\"List Rektora Politechniki Warszawskiej do Dziekana Jerzego Ma\u0142achowskiego z gratulacjami wyboru na cz\u0142onka Rady Doskona\u0142o\u015bci Naukowej.\"><\/a><\/td>\n<td>&nbsp;&nbsp;&nbsp;&nbsp;<\/td>\n<\/tr>\n<\/tbody>\n<\/table>\n<p>&nbsp;<\/p>\n<table align=\"center\" style=\"text-align: center;\" width=\"auto\">\n<tbody>\n<tr>\n<td><a class=\"fancy\" title=\"\" href=\"..\/wp-content\/uploads\/listy\/List_Siec_Lukasiewicz_13.10.2023.jpg\"><img decoding=\"async\" style=\"border:1px solid gray;\" src=\"..\/wp-content\/uploads\/listy\/List_Siec_Lukasiewicz_13.10.2023.jpg\" width=\"240\" alt=\"List z Sieci Badawczej \u0141ukasiewicz z gratulacjami dla Dziekana J. Ma\u0142achowskiego z okazji wyboru do Rady Doskona\u0142o\u015bci Naukowej\"><\/a><\/td>\n<td>&nbsp;&nbsp;&nbsp;&nbsp;<\/td>\n<td><a class=\"fancy\" title=\"\" href=\"..\/wp-content\/uploads\/listy\/List_Ambasador_Techniki_2023.jpg\"><img decoding=\"async\" style=\"border:1px solid gray;\" src=\"..\/wp-content\/uploads\/listy\/List_Ambasador_Techniki_2023.jpg\" width=\"240\" alt=\"Dyplom dla WIM w dow\u00f3d uznania i podzi\u0119kowania za pomoc, aktywny udzia\u0142 i wsp\u00f3\u0142organizacj\u0119 XII Warszawskich Dni Techniki pod has\u0142em Warszawa - Technika wczoraj, dzi\u015b, jutro!.\"><\/a><\/td>\n<td>&nbsp;&nbsp;&nbsp;&nbsp;<\/td>\n<td><a class=\"fancy\" title=\"\" href=\"..\/wp-content\/uploads\/listy\/List_PSl_6.10.2023.jpg\"><img decoding=\"async\" style=\"border:1px solid gray;\" src=\"..\/wp-content\/uploads\/listy\/List_PSl_6.10.2023.jpg\" width=\"240\" alt=\"List od prof. Mariusza M\u0119\u017cyka Rektora Politechniki \u015al\u0105skiej z \u017cyczeniami udanego roku akademickiego 2023\/2024.\"><\/a><\/td>\n<td>&nbsp;&nbsp;&nbsp;&nbsp;<\/td>\n<td><a class=\"fancy\" title=\"\" href=\"..\/wp-content\/uploads\/listy\/List_PByd_9.10.2023.jpg\"><img decoding=\"async\" style=\"border:1px solid gray;\" src=\"..\/wp-content\/uploads\/listy\/List_PByd_9.10.2023.jpg\" width=\"240\" alt=\"List od prof. Andrzeja Tomporowskiego z Politechniki Bydgoskiej z \u017cyczeniami udanego roku akademickiego 2023\/2024\"><\/a><\/td>\n<td>&nbsp;&nbsp;&nbsp;&nbsp;<\/td>\n<\/tr>\n<\/tbody>\n<\/table>\n<p>&nbsp;<\/p>\n<table align=\"center\" style=\"text-align: center;\" width=\"auto\">\n<tbody>\n<tr>\n<td><a class=\"fancy\" title=\"\" href=\"..\/wp-content\/uploads\/listy\/2023.10.06_JM_Przyjaciej_PW.jpg\"><img decoding=\"async\" style=\"border:1px solid gray;\" src=\"..\/wp-content\/uploads\/listy\/2023.10.06_JM_Przyjaciej_PW.jpg\" width=\"240\" alt=\"Przyznanie tytu\u0142u \" przyjaciela=\"\" wydzia\u0142u\".=\"\" pw=\"\" dla=\"\" prof.=\"\" jerzego=\"\" ma\u0142achowskiego\"=\"\"><\/a><\/td>\n<td>&nbsp;&nbsp;&nbsp;&nbsp;<\/td>\n<td><a class=\"fancy\" title=\"\" href=\"..\/wp-content\/uploads\/listy\/PP_list_rozpoczecie_roku_2023.jpg\"><img decoding=\"async\" style=\"border:1px solid gray;\" src=\"..\/wp-content\/uploads\/listy\/PP_list_rozpoczecie_roku_2023.jpg\" width=\"240\" alt=\"List od prof. Tomasza \u0141odygowskiego z Politechniki Pozna\u0144skiej z \u017cyczeniami udanego roku akademickiego 2023\/2024.\"><\/a><\/td>\n<td>&nbsp;&nbsp;&nbsp;&nbsp;<\/td>\n<td><a class=\"fancy\" title=\"\" href=\"..\/wp-content\/uploads\/listy\/List_Marcin_Slezak_2023.jpg\"><img decoding=\"async\" style=\"border:1px solid gray;\" src=\"..\/wp-content\/uploads\/listy\/List_Marcin_Slezak_2023.jpg\" width=\"240\" alt=\"List od prof. Marcina \u015al\u0119zaka z Instytutu Transportu Samochodowego z \u017cyczeniami udanego roku akademickiego 2023\/2024.\"><\/a><\/td>\n<td>&nbsp;&nbsp;&nbsp;&nbsp;<\/td>\n<td><a class=\"fancy\" title=\"\" href=\"..\/wp-content\/uploads\/listy\/List_PFSSK.jpg\"><img decoding=\"async\" style=\"border:1px solid gray;\" src=\"..\/wp-content\/uploads\/listy\/List_PFSSK.jpg\" width=\"240\" alt=\"Podzi\u0119kowanie za wsparcie Dnia Edukacji dla Bezpiecze\u0144stwa na Polskich Drogach\"><\/a><\/td>\n<td>&nbsp;&nbsp;&nbsp;&nbsp;<\/td>\n<\/tr>\n<\/tbody>\n<\/table>\n<p>&nbsp;<\/p>\n<table align=\"center\" style=\"text-align: center;\" width=\"auto\">\n<tbody>\n<tr>\n<td><a class=\"fancy\" title=\"\" href=\"..\/wp-content\/uploads\/listy\/List_PAN_19.01.2023.jpg\"><img decoding=\"async\" style=\"border:1px solid gray;\" src=\"..\/wp-content\/uploads\/listy\/List_PAN_19.01.2023.jpg\" width=\"240\" alt=\"Powo\u0142anie Jerzego Ma\u0142achowskiego na cz\u0142onka Rady Naukowej Instytutu Podstawowych Problem\u00f3w Techniki Polskiej Akademii Nauk\"><\/a><\/td>\n<td>&nbsp;&nbsp;&nbsp;&nbsp;<\/td>\n<td><a class=\"fancy\" title=\"\" href=\"..\/wp-content\/uploads\/listy\/List_UM_23.12.2022.jpg\"><img decoding=\"async\" style=\"border:1px solid gray;\" src=\"..\/wp-content\/uploads\/listy\/List_UM_23.12.2022.jpg\" width=\"240\" alt=\"Zaproszenie Jerzego Ma\u0142achowskiego do udzia\u0142u w pracach Rady ds. Innowacyjno\u015bci Przemys\u0142u wojew\u00f3dztwa \u0142\u00f3dzkiego.\"><\/a><\/td>\n<td>&nbsp;&nbsp;&nbsp;&nbsp;<\/td>\n<td><a class=\"fancy\" title=\"\" href=\"..\/wp-content\/uploads\/listy\/List_Policja_11.11.jpg\"><img decoding=\"async\" style=\"border:1px solid gray;\" src=\"..\/wp-content\/uploads\/listy\/List_Policja_11.11.jpg\" width=\"240\" alt=\"List z \u017cyczeniami z okazji Dnia Niepodleg\u0142o\u015bci od Komendanta Centrum Szkolenia Policji w Legionowie\"><\/a><\/td>\n<td>&nbsp;&nbsp;&nbsp;&nbsp;<\/td>\n<td><a class=\"fancy\" title=\"\" href=\"..\/wp-content\/uploads\/listy\/List_17.10.2022_List_Pol.jpg\"><img decoding=\"async\" style=\"border:1px solid gray;\" src=\"..\/wp-content\/uploads\/listy\/List_17.10.2022_List_Pol.jpg\" width=\"240\" alt=\"List z \u017cyczeniami dobrego roku akademickiego od Komendanta Centrum Szkolenia Policji w Legionowie\"><\/a><\/td>\n<td>&nbsp;&nbsp;&nbsp;&nbsp;<\/td>\n<\/tr>\n<\/tbody>\n<\/table>\n<p>&nbsp;<\/p>\n<table align=\"center\" style=\"text-align: center;\" width=\"auto\">\n<tbody>\n<tr>\n<td><a class=\"fancy\" title=\"\" href=\"..\/wp-content\/uploads\/listy\/List_Szczesniak_2022_1.jpg\"><img decoding=\"async\" style=\"border:1px solid gray;\" src=\"..\/wp-content\/uploads\/listy\/List_Szczesniak_2022_1.jpg\" width=\"240\" alt=\"List z \u017cyczeniami dobrego roku akademickiego od Prezesa firmy SZCZ\u0118\u015aNIAK Pojazdy Specjalne Sp. z o.o.\"><\/a><\/td>\n<td>&nbsp;&nbsp;&nbsp;&nbsp;<\/td>\n<td><a class=\"fancy\" title=\"\" href=\"..\/wp-content\/uploads\/listy\/List_Szczesniak_2022_2.jpg\"><img decoding=\"async\" style=\"border:1px solid gray;\" src=\"..\/wp-content\/uploads\/listy\/List_Szczesniak_2022_2.jpg\" width=\"240\" alt=\"List z \u017cyczeniami dobrego roku akademickiego od Prezesa firmy SZCZ\u0118\u015aNIAK Pojazdy Specjalne Sp. z o.o.\"><\/a><\/td>\n<td>&nbsp;&nbsp;&nbsp;&nbsp;<\/td>\n<td><a class=\"fancy\" title=\"\" href=\"..\/wp-content\/uploads\/listy\/List_07.10.2022.jpg\"><img decoding=\"async\" style=\"border:1px solid gray;\" src=\"..\/wp-content\/uploads\/listy\/List_07.10.2022.jpg\" width=\"240\" alt=\"List z \u017cyczeniami dobrego roku akademickiego od prof. M\u0119\u017cyka\"><\/a><\/td>\n<td>&nbsp;&nbsp;&nbsp;&nbsp;<\/td>\n<td><a class=\"fancy\" title=\"\" href=\"..\/wp-content\/uploads\/listy\/WIM_dni_techniki_podziekowania_2011.jpg\"><img decoding=\"async\" style=\"border:1px solid gray;\" src=\"..\/wp-content\/uploads\/listy\/WIM_dni_techniki_podziekowania_2011.jpg\" width=\"240\" alt=\"Tabliczka pami\u0105tkowa z podzi\u0119kowaniami dla WIM za zaanga\u017cowanie w prac\u0119 i organizacj\u0119 Warszawskich Dni Techniki.\"><\/a><\/td>\n<td>&nbsp;&nbsp;&nbsp;&nbsp;<\/td>\n<\/tr>\n<\/tbody>\n<\/table>\n<p>&nbsp;<\/p>\n<table align=\"center\" style=\"text-align: center;\" width=\"auto\">\n<tbody>\n<tr>\n<td><a class=\"fancy\" title=\"\" href=\"..\/wp-content\/uploads\/listy\/list_PW_15.10.2021.jpg\"><img decoding=\"async\" style=\"border:1px solid gray;\" src=\"..\/wp-content\/uploads\/listy\/list_PW_15.10.2021.jpg\" width=\"240\" alt=\"List z podzi\u0119kowaniami od Dyrektora Wydzia\u0142u Transportu Politechniki Warszawskiej.\"><\/a><\/td>\n<td>&nbsp;&nbsp;&nbsp;&nbsp;<\/td>\n<td><a class=\"fancy\" title=\"\" href=\"..\/wp-content\/uploads\/listy\/1_List_23.09.2021_ITS.jpg\"><img decoding=\"async\" style=\"border:1px solid gray;\" src=\"..\/wp-content\/uploads\/listy\/1_List_23.09.2021_ITS.jpg\" width=\"240\" alt=\"List gratulacyjny z okazji inauguracji roku akademickiego 2021\/2022 od Dyrektora Instytutu Transportu Samochodowego.\"><\/a><\/td>\n<td>&nbsp;&nbsp;&nbsp;&nbsp;<\/td>\n<td><a class=\"fancy\" title=\"\" href=\"..\/wp-content\/uploads\/listy\/2_List_06.10.2021_WOG.jpg\"><img decoding=\"async\" style=\"border:1px solid gray;\" src=\"..\/wp-content\/uploads\/listy\/2_List_06.10.2021_WOG.jpg\" width=\"240\" alt=\"List gratulacyjny z okazji inauguracji roku akademickiego 2021\/2022 od Zast\u0119pcy Komendanta drugiego Wojskowego Oddzia\u0142u Gospodarczego.\"><\/a><\/td>\n<td>&nbsp;&nbsp;&nbsp;&nbsp;<\/td>\n<td><a class=\"fancy\" title=\"\" href=\"..\/wp-content\/uploads\/listy\/3_List_6.10.2021_Gliwice.jpg\"><img decoding=\"async\" style=\"border:1px solid gray;\" src=\"..\/wp-content\/uploads\/listy\/3_List_6.10.2021_Gliwice.jpg\" width=\"225\" alt=\"List gratulacyjny z okazji inauguracji roku akademickiego 2021\/2022 od Rektora Politechniki \u015al\u0105skiej.\"><\/a><\/td>\n<td>&nbsp;&nbsp;&nbsp;&nbsp;<\/td>\n<\/tr>\n<\/tbody>\n<\/table>\n<p>&nbsp;<\/p>\n<table align=\"center\" style=\"text-align: center;\" width=\"auto\">\n<tbody>\n<tr>\n<td><a class=\"fancy\" title=\"\" href=\"..\/wp-content\/uploads\/listy\/2021.01.18_2.jpg\"><img decoding=\"async\" style=\"border:1px solid gray;\" src=\"..\/wp-content\/uploads\/listy\/2021.01.18_2.jpg\" width=\"240\" alt=\"\"><\/a><\/td>\n<td>&nbsp;&nbsp;&nbsp;&nbsp;<\/td>\n<td><a class=\"fancy\" title=\"\" href=\"..\/wp-content\/uploads\/listy\/2021.01.18_3.jpg\"><img decoding=\"async\" style=\"border:1px solid gray;\" src=\"..\/wp-content\/uploads\/listy\/2021.01.18_3.jpg\" width=\"240\" alt=\"\"><\/a><\/td>\n<td>&nbsp;&nbsp;&nbsp;&nbsp;<\/td>\n<td><a class=\"fancy\" title=\"\" href=\"..\/wp-content\/uploads\/listy\/2021.02.01_list.jpg\"><img decoding=\"async\" style=\"border:1px solid gray;\" src=\"..\/wp-content\/uploads\/listy\/2021.02.01_list.jpg\" width=\"225\" alt=\"\"><\/a><\/td>\n<td>&nbsp;&nbsp;&nbsp;&nbsp;<\/td>\n<td><a class=\"fancy\" title=\"\" href=\"..\/wp-content\/uploads\/listy\/List_Szczesniak_03.02.2021.jpg\"><img decoding=\"async\" style=\"border:1px solid gray;\" src=\"..\/wp-content\/uploads\/listy\/List_Szczesniak_03.02.2021.jpg\" width=\"225\" alt=\"\"><\/a><\/td>\n<\/tr>\n<\/tbody>\n<\/table>\n<p>&nbsp;<\/p>\n<table align=\"center\" style=\"text-align: center;\" width=\"auto\">\n<tbody>\n<tr>\n<td><a class=\"fancy\" title=\"\" href=\"..\/wp-content\/uploads\/listy\/2021.01.18_1.jpg\"><img decoding=\"async\" style=\"border:1px solid gray;\" src=\"..\/wp-content\/uploads\/listy\/2021.01.18_1.jpg\" width=\"250\" alt=\"\"><\/a><\/td>\n<td>&nbsp;&nbsp;&nbsp;&nbsp;<\/td>\n<td><a class=\"fancy\" title=\"\" href=\"..\/wp-content\/uploads\/listy\/list_2020.06.17.jpg\"><img decoding=\"async\" style=\"border:1px solid gray;\" src=\"..\/wp-content\/uploads\/listy\/list_2020.06.17.jpg\" width=\"223\" alt=\"\"><\/a><\/td>\n<td>&nbsp;&nbsp;&nbsp;&nbsp;<\/td>\n<td><a class=\"fancy\" title=\"\" href=\"..\/wp-content\/uploads\/listy\/lg_image020_big.jpg\"><img decoding=\"async\" style=\"border:1px solid gray;\" src=\"..\/wp-content\/uploads\/listy\/lg_image020_big.jpg\" width=\"217\" alt=\"\"><\/a><\/td>\n<td>&nbsp;&nbsp;&nbsp;&nbsp;<\/td>\n<td><a class=\"fancy\" title=\"\" href=\"..\/wp-content\/uploads\/listy\/Podziekowanie_WAT.jpg\"><img decoding=\"async\" style=\"border:1px solid gray;\" src=\"..\/wp-content\/uploads\/listy\/Podziekowanie_WAT.jpg\" width=\"215\" alt=\"\"><\/a><\/td>\n<\/tr>\n<\/tbody>\n<\/table>\n<p>&nbsp;<\/p>\n<table align=\"center\" style=\"text-align: center;\" width=\"auto\">\n<tbody>\n<tr>\n<td><a class=\"fancy\" title=\"\" href=\"..\/wp-content\/uploads\/listy\/lg_image018_big.jpg\"><img decoding=\"async\" style=\"border:1px solid gray;\" src=\"..\/wp-content\/uploads\/listy\/lg_image018_big.jpg\" width=\"217\" alt=\"\"><\/a><\/td>\n<td>&nbsp;&nbsp;&nbsp;&nbsp;<\/td>\n<td><a class=\"fancy\" title=\"\" href=\"..\/wp-content\/uploads\/listy\/lg_image017_big.jpg\"><img decoding=\"async\" style=\"border:1px solid gray;\" src=\"..\/wp-content\/uploads\/listy\/lg_image017_big.jpg\" width=\"217\" alt=\"\"><\/a><\/td>\n<td>&nbsp;&nbsp;&nbsp;&nbsp;<\/td>\n<td><a class=\"fancy\" title=\"\" href=\"..\/wp-content\/uploads\/listy\/lg_image016_big.jpg\"><img decoding=\"async\" style=\"border:1px solid gray;\" src=\"..\/wp-content\/uploads\/listy\/lg_image016_big.jpg\" width=\"217\" alt=\"\"><\/a><\/td>\n<td>&nbsp;&nbsp;&nbsp;&nbsp;<\/td>\n<td><a class=\"fancy\" title=\"\" href=\"..\/wp-content\/uploads\/listy\/lg_image015_big.jpg\"><img decoding=\"async\" style=\"border:1px solid gray;\" src=\"..\/wp-content\/uploads\/listy\/lg_image015_big.jpg\" width=\"217\" alt=\"\"><\/a><\/td>\n<\/tr>\n<\/tbody>\n<\/table>\n<p>&nbsp;<\/p>\n<table align=\"center\" style=\"text-align: center;\" width=\"auto\">\n<tbody>\n<tr>\n<td><a class=\"fancy\" title=\"\" href=\"..\/wp-content\/uploads\/listy\/lg_image014_big.jpg\"><img decoding=\"async\" style=\"border:1px solid gray;\" src=\"..\/wp-content\/uploads\/listy\/lg_image014_big.jpg\" width=\"218\" alt=\"\"><\/a><\/td>\n<td>&nbsp;&nbsp;&nbsp;&nbsp;<\/td>\n<td><a class=\"fancy\" title=\"\" href=\"..\/wp-content\/uploads\/listy\/lg_image011_big.jpg\"><img decoding=\"async\" style=\"border:1px solid gray;\" src=\"..\/wp-content\/uploads\/listy\/lg_image011_big.jpg\" width=\"200\" alt=\"\"><\/a><\/td>\n<td>&nbsp;&nbsp;&nbsp;&nbsp;<\/td>\n<td><a class=\"fancy\" title=\"\" href=\"..\/wp-content\/uploads\/listy\/lg_image012_big.jpg\"><img decoding=\"async\" style=\"border:1px solid gray;\" src=\"..\/wp-content\/uploads\/listy\/lg_image012_big.jpg\" width=\"197\" alt=\"\"><\/a><\/td>\n<td>&nbsp;&nbsp;&nbsp;&nbsp;<\/td>\n<td><a class=\"fancy\" title=\"\" href=\"..\/wp-content\/uploads\/listy\/lg_image013_big.jpg\"><img decoding=\"async\" style=\"border:1px solid gray;\" src=\"..\/wp-content\/uploads\/listy\/lg_image013_big.jpg\" alt=\"\" width=\"255\"><\/a><\/td>\n<\/tr>\n<\/tbody>\n<\/table>\n<p>&nbsp;<\/p>\n<table align=\"center\" style=\"text-align: center;\" width=\"auto\">\n<tbody>\n<tr>\n<td><a class=\"fancy\" title=\"\" href=\"..\/wp-content\/uploads\/listy\/lg_img001_big.jpg\"><img decoding=\"async\" style=\"border:1px solid gray;\" src=\"..\/wp-content\/uploads\/listy\/lg_img001_big.jpg\" alt=\"\" width=\"208\"><\/a><\/td>\n<td>&nbsp;&nbsp;&nbsp;&nbsp;<\/td>\n<td><a class=\"fancy\" title=\"\" href=\"..\/wp-content\/uploads\/listy\/lg_img002_big.jpg\"><img decoding=\"async\" style=\"border:1px solid gray;\" src=\"..\/wp-content\/uploads\/listy\/lg_img002_big.jpg\" alt=\"\" width=\"194\"><\/a><\/td>\n<td>&nbsp;&nbsp;&nbsp;&nbsp;<\/td>\n<td><a class=\"fancy\" title=\"\" href=\"..\/wp-content\/uploads\/listy\/lg_img004_big.jpg\"><img decoding=\"async\" style=\"border:1px solid gray;\" src=\"..\/wp-content\/uploads\/listy\/lg_img004_big.jpg\" alt=\"\" width=\"156\"><\/a><\/td>\n<td>&nbsp;&nbsp;&nbsp;&nbsp;<\/td>\n<td><a class=\"fancy\" title=\"\" href=\"..\/wp-content\/uploads\/listy\/lg_img005_big.jpg\"><img decoding=\"async\" style=\"border:1px solid gray;\" src=\"..\/wp-content\/uploads\/listy\/lg_img005_big.jpg\" alt=\"\" width=\"216\"><\/a><\/td>\n<\/tr>\n<\/tbody>\n<\/table>\n<p>&nbsp;<\/p>\n<table align=\"center\" style=\"text-align: center;\" width=\"auto\">\n<tbody>\n<tr>\n<td><a class=\"fancy\" title=\"\" href=\"..\/wp-content\/uploads\/listy\/lg_img006_big.jpg\"><img decoding=\"async\" style=\"border:1px solid gray;\" src=\"..\/wp-content\/uploads\/listy\/lg_img006_big.jpg\" alt=\"\" width=\"220\"><\/a><\/td>\n<td>&nbsp;&nbsp;&nbsp;&nbsp;<\/td>\n<td><a class=\"fancy\" title=\"\" href=\"..\/wp-content\/uploads\/listy\/lg_img007_big.jpg\"><img decoding=\"async\" style=\"border:1px solid gray;\" src=\"..\/wp-content\/uploads\/listy\/lg_img007_big.jpg\" alt=\"\" width=\"178\"><\/a><\/td>\n<td>&nbsp;&nbsp;&nbsp;&nbsp;<\/td>\n<td><a class=\"fancy\" title=\"\" href=\"..\/wp-content\/uploads\/listy\/lg_img008_big.jpg\"><img decoding=\"async\" style=\"border:1px solid gray;\" src=\"..\/wp-content\/uploads\/listy\/lg_img008_big.jpg\" alt=\"\" width=\"274\"><\/a><\/td>\n<td>&nbsp;&nbsp;&nbsp;&nbsp;<\/td>\n<td><a class=\"fancy\" title=\"\" href=\"..\/wp-content\/uploads\/listy\/lg_img009_big.jpg\"><img decoding=\"async\" style=\"border:1px solid gray;\" src=\"..\/wp-content\/uploads\/listy\/lg_img009_big.jpg\" alt=\"\" width=\"180\"><\/a><\/td>\n<\/tr>\n<\/tbody>\n<\/table>\n<p>&nbsp;<\/p>\n<table align=\"center\" style=\"text-align: center;\" width=\"auto\">\n<tbody>\n<tr>\n<td><a class=\"fancy\" title=\"\" href=\"..\/wp-content\/uploads\/listy\/lg_img014_big.jpg\"><img decoding=\"async\" style=\"border:1px solid gray;\" src=\"..\/wp-content\/uploads\/listy\/lg_img014_big.jpg\" alt=\"\" width=\"242\"><\/a><\/td>\n<td>&nbsp;&nbsp;&nbsp;&nbsp;<\/td>\n<td><a class=\"fancy\" title=\"\" href=\"..\/wp-content\/uploads\/listy\/lg_img017_big.jpg\"><img decoding=\"async\" style=\"border:1px solid gray;\" src=\"..\/wp-content\/uploads\/listy\/lg_img017_big.jpg\" alt=\"\" width=\"190\"><\/a><\/td>\n<\/tr>\n<\/tbody>\n<\/table>\n","protected":false},"excerpt":{"rendered":"<p>&nbsp; &nbsp;&nbsp;&nbsp;&nbsp; &nbsp; &nbsp;&nbsp;&nbsp;&nbsp; &nbsp; &nbsp;&nbsp;&nbsp;&nbsp; &nbsp;&nbsp;&nbsp;&nbsp; &nbsp; &nbsp;&nbsp;&nbsp;&nbsp; &nbsp;&nbsp;&nbsp;&nbsp; &nbsp;&nbsp;&nbsp;&nbsp; &nbsp;&nbsp;&nbsp;&nbsp; &nbsp; &nbsp;&nbsp;&nbsp;&nbsp; &nbsp;&nbsp;&nbsp;&nbsp; &nbsp;&nbsp;&nbsp;&nbsp; &nbsp;&nbsp;&nbsp;&nbsp; &nbsp; &nbsp;&nbsp;&nbsp;&nbsp; &nbsp;&nbsp;&nbsp;&nbsp; &nbsp;&nbsp;&nbsp;&nbsp; &nbsp;&nbsp;&nbsp;&nbsp; &nbsp; &nbsp;&nbsp;&nbsp;&nbsp; &nbsp;&nbsp;&nbsp;&nbsp; &nbsp;&nbsp;&nbsp;&nbsp; &nbsp;&nbsp;&nbsp;&nbsp; &nbsp; &nbsp;&nbsp;&nbsp;&nbsp; &nbsp;&nbsp;&nbsp;&nbsp; &nbsp;&nbsp;&nbsp;&nbsp; &nbsp;&nbsp;&nbsp;&nbsp; &nbsp; &nbsp;&nbsp;&nbsp;&nbsp; &nbsp;&nbsp;&nbsp;&nbsp; &nbsp;&nbsp;&nbsp;&nbsp; &nbsp; &nbsp;&nbsp;&nbsp;&nbsp; &nbsp;&nbsp;&nbsp;&nbsp; &nbsp;&nbsp;&nbsp;&nbsp; &nbsp; &nbsp;&nbsp;&nbsp;&nbsp; &nbsp;&nbsp;&nbsp;&nbsp; &nbsp;&nbsp;&nbsp;&nbsp; &nbsp; &nbsp;&nbsp;&nbsp;&nbsp; &nbsp;&nbsp;&nbsp;&nbsp; &nbsp;&nbsp;&nbsp;&nbsp; &nbsp; &nbsp;&nbsp;&nbsp;&nbsp; &nbsp;&nbsp;&nbsp;&nbsp; &nbsp;&nbsp;&nbsp;&nbsp; &nbsp; &nbsp;&nbsp;&nbsp;&nbsp; &nbsp;&nbsp;&nbsp;&nbsp; [&hellip;]<\/p>\n","protected":false},"author":2,"featured_media":0,"parent":0,"menu_order":0,"comment_status":"closed","ping_status":"closed","template":"","meta":[],"_links":{"self":[{"href":"https:\/\/www.wim.wat.edu.pl\/test\/wp-json\/wp\/v2\/pages\/8699"}],"collection":[{"href":"https:\/\/www.wim.wat.edu.pl\/test\/wp-json\/wp\/v2\/pages"}],"about":[{"href":"https:\/\/www.wim.wat.edu.pl\/test\/wp-json\/wp\/v2\/types\/page"}],"author":[{"embeddable":true,"href":"https:\/\/www.wim.wat.edu.pl\/test\/wp-json\/wp\/v2\/users\/2"}],"replies":[{"embeddable":true,"href":"https:\/\/www.wim.wat.edu.pl\/test\/wp-json\/wp\/v2\/comments?post=8699"}],"version-history":[{"count":25,"href":"https:\/\/www.wim.wat.edu.pl\/test\/wp-json\/wp\/v2\/pages\/8699\/revisions"}],"predecessor-version":[{"id":8992,"href":"https:\/\/www.wim.wat.edu.pl\/test\/wp-json\/wp\/v2\/pages\/8699\/revisions\/8992"}],"wp:attachment":[{"href":"https:\/\/www.wim.wat.edu.pl\/test\/wp-json\/wp\/v2\/media?parent=8699"}],"curies":[{"name":"wp","href":"https:\/\/api.w.org\/{rel}","templated":true}]}}