{"id":8707,"date":"2023-12-06T09:52:09","date_gmt":"2023-12-06T08:52:09","guid":{"rendered":"https:\/\/www.wim.wat.edu.pl\/test\/?page_id=8707"},"modified":"2024-01-12T12:40:55","modified_gmt":"2024-01-12T11:40:55","slug":"projekty-badawcze","status":"publish","type":"page","link":"https:\/\/www.wim.wat.edu.pl\/test\/projekty-badawcze\/","title":{"rendered":"Projekty badawcze"},"content":{"rendered":"<table style=\"padding-top: 40px;\" width=\"90%\" cellspacing=\"0\" cellpadding=\"10\">\n<tbody>\n<tr>\n<th colspan=\"5\"><span style=\"color: #330000;\"><em>Projekty badawcze finansowane przez <b>Narodowe Centrum Nauki<\/b> w Krakowie<\/em><\/span><\/th>\n<\/tr>\n<tr style=\"cursor: pointer;\" bgcolor=\"\">\n<td style=\"border-bottom: 1px solid gray; border-top: 1px solid gray;\">\n<ul style=\"margin: 0px 0px 0px 30px;\">\n<li>Konkursy<\/li>\n<\/ul>\n<\/td>\n<\/tr>\n<tr style=\"cursor: pointer;\" bgcolor=\"\">\n<td style=\"border-bottom: 1px solid gray;\">\n<ul style=\"margin: 0px 0px 0px 30px;\">\n<li>Wprowadzanie zmian w projektach<\/li>\n<\/ul>\n<\/td>\n<\/tr>\n<tr style=\"cursor: pointer;\" bgcolor=\"\">\n<td style=\"border-bottom: 1px solid gray;\">\n<ul style=\"margin: 0px 0px 0px 30px;\">\n<li>Raport roczy \/ko\u0144cowy z realizacji projekt\u00f3w badawczych finansowanych przez NCN<\/li>\n<\/ul>\n<\/td>\n<\/tr>\n<tr style=\"cursor: pointer;\" bgcolor=\"\">\n<td style=\"border-bottom: 1px solid gray;\">\n<ul style=\"margin: 0px 0px 0px 30px;\">\n<li>Dane jednostki niezb\u0119dne do wype\u0142niania wniosku<\/li>\n<\/ul>\n<\/td>\n<\/tr>\n<\/tbody>\n<\/table>\n<table style=\"padding-top: 40px;\" width=\"90%\" cellspacing=\"0\" cellpadding=\"10\">\n<tbody>\n<tr>\n<th colspan=\"5\"><span style=\"color: #330000;\"><em>Projekty badawcze finansowane przez <b>Narodowe Centrum Bada\u0144 i Rozwoju<\/b> w Warszawie<\/em><\/span><\/th>\n<\/tr>\n<tr style=\"cursor: pointer;\" bgcolor=\"\">\n<td style=\"border-bottom: 1px solid gray; border-top: 1px solid gray;\">\n<ul style=\"margin: 0px 0px 0px 30px;\">\n<li>NCBiR<\/li>\n<\/ul>\n<\/td>\n<\/tr>\n<tr style=\"cursor: pointer;\" bgcolor=\"\">\n<td style=\"border-bottom: 1px solid gray;\">\n<ul style=\"margin: 0px 0px 0px 30px;\">\n<li>Harnonogram konkurs\u00f3w 2022<\/li>\n<\/ul>\n<\/td>\n<\/tr>\n<tr>\n<td height=\"60px\"><\/td>\n<\/tr>\n<tr style=\"cursor: pointer;\" bgcolor=\"\">\n<td><img decoding=\"async\" style=\"padding-right: 20px; padding-left: 30px; vertical-align: middle; float: left;\" src=\"..\/..\/test\/wp-content\/uploads\/ikony\/ico_dna.png\" \/>\u015acie\u017cka opiniowania dokument\u00f3w w WAT<\/td>\n<\/tr>\n<tr style=\"cursor: pointer;\" bgcolor=\"\">\n<td><img decoding=\"async\" style=\"padding-right: 20px; padding-left: 30px; vertical-align: middle; float: left;\" src=\"..\/..\/test\/wp-content\/uploads\/ikony\/ico_doc.png\" \/>Skr\u00f3cona Karta Projektu<\/td>\n<\/tr>\n<tr style=\"cursor: pointer;\" bgcolor=\"\">\n<td><img decoding=\"async\" style=\"padding-right: 20px; padding-left: 30px; vertical-align: middle; float: left;\" src=\"..\/..\/test\/wp-content\/uploads\/ikony\/ico_doc.png\" \/>Pe\u0142nomocnictwo<\/td>\n<\/tr>\n<tr style=\"cursor: pointer;\" bgcolor=\"\">\n<td><img decoding=\"async\" style=\"padding-right: 20px; padding-left: 30px; vertical-align: middle; float: left;\" src=\"..\/..\/test\/wp-content\/uploads\/ikony\/ico_osf.png\" \/>Logowanie do Systemu OSF<\/td>\n<\/tr>\n<\/tbody>\n<\/table>\n","protected":false},"excerpt":{"rendered":"<p>Projekty badawcze finansowane przez Narodowe Centrum Nauki w Krakowie Konkursy Wprowadzanie zmian w projektach Raport roczy \/ko\u0144cowy z realizacji projekt\u00f3w badawczych finansowanych przez NCN Dane jednostki niezb\u0119dne do wype\u0142niania wniosku Projekty badawcze finansowane przez Narodowe Centrum Bada\u0144 i Rozwoju w Warszawie NCBiR Harnonogram konkurs\u00f3w 2022 \u015acie\u017cka opiniowania dokument\u00f3w w WAT Skr\u00f3cona Karta Projektu Pe\u0142nomocnictwo Logowanie [&hellip;]<\/p>\n","protected":false},"author":2,"featured_media":0,"parent":0,"menu_order":0,"comment_status":"closed","ping_status":"closed","template":"","meta":[],"_links":{"self":[{"href":"https:\/\/www.wim.wat.edu.pl\/test\/wp-json\/wp\/v2\/pages\/8707"}],"collection":[{"href":"https:\/\/www.wim.wat.edu.pl\/test\/wp-json\/wp\/v2\/pages"}],"about":[{"href":"https:\/\/www.wim.wat.edu.pl\/test\/wp-json\/wp\/v2\/types\/page"}],"author":[{"embeddable":true,"href":"https:\/\/www.wim.wat.edu.pl\/test\/wp-json\/wp\/v2\/users\/2"}],"replies":[{"embeddable":true,"href":"https:\/\/www.wim.wat.edu.pl\/test\/wp-json\/wp\/v2\/comments?post=8707"}],"version-history":[{"count":34,"href":"https:\/\/www.wim.wat.edu.pl\/test\/wp-json\/wp\/v2\/pages\/8707\/revisions"}],"predecessor-version":[{"id":10152,"href":"https:\/\/www.wim.wat.edu.pl\/test\/wp-json\/wp\/v2\/pages\/8707\/revisions\/10152"}],"wp:attachment":[{"href":"https:\/\/www.wim.wat.edu.pl\/test\/wp-json\/wp\/v2\/media?parent=8707"}],"curies":[{"name":"wp","href":"https:\/\/api.w.org\/{rel}","templated":true}]}}