{"id":8752,"date":"2023-12-06T12:53:19","date_gmt":"2023-12-06T11:53:19","guid":{"rendered":"https:\/\/www.wim.wat.edu.pl\/test\/?page_id=8752"},"modified":"2024-01-12T12:42:31","modified_gmt":"2024-01-12T11:42:31","slug":"publikacje-naukowe","status":"publish","type":"page","link":"https:\/\/www.wim.wat.edu.pl\/test\/publikacje-naukowe\/","title":{"rendered":"Publikacje naukowe"},"content":{"rendered":"<div align=\"justify\">\n<p>Aktualna lista publikacji naukowych znajduje si\u0119 na stronie Bazy Wiedzy WAT pod linkiem:<br \/>\n<a href=\"https:\/\/repo.bg.wat.edu.pl\/info\/affiliation\/WAT968438676d4642358a938526c1859f0c\/Profil%2Bjednostki%2B%25E2%2580%2593%2BWydzia%25C5%2582%2BIn%25C5%25BCynierii%2BMechanicznej%2B%25E2%2580%2593%2BWojskowa%2BAkademia%2BTechniczna%2Bim.%2BJaros%25C5%2582awa%2BD%25C4%2585browskiego?r=publication&amp;tab=publications&amp;conversationPropagation=begin&amp;lang=pl&amp;pn=1\" target=\"_blank\" rel=\"noopener\">https:\/\/repo.bg.wat.edu.pl<\/a><\/p>\n<p><b>1. Dzia\u0142alno\u015b\u0107 publikacyjna Wydzia\u0142u<\/b><\/p>\n<p>Pracownicy naukowi opublikowali w 60 letnim okresie istnienia Wydzia\u0142u:<\/p>\n<ul type=\"square\">\n<li>ponad 300 monografii,<\/li>\n<li>ponad 3000 artyku\u0142\u00f3w w czasopismach krajowych i zagranicznych,<\/li>\n<li>ponad 3000 referat\u00f3w wyg\u0142oszonych i opublikowanych w materia\u0142ach konferencyjnych krajowych i zagranicznych.<\/li>\n<\/ul>\n<p>Liczbowy wykaz wybranych publikacji pracownik\u00f3w Wydzia\u0142u In\u017cynierii Mechanicznej &#8211; 2019-2022 rok (nowy wykaz MEiN)<\/p>\n<table style=\"padding-bottom: 30px;\" width=\"100%\" cellspacing=\"0\" cellpadding=\"10\">\n<tbody>\n<tr bgcolor=\"\">\n<td style=\"border-bottom: 1px solid #339966;\" align=\"center\"><\/td>\n<td style=\"border-bottom: 1px solid #339966;\" align=\"center\">2019<\/td>\n<td style=\"border-bottom: 1px solid #339966;\" align=\"center\">2020<\/td>\n<td style=\"border-bottom: 1px solid #339966;\" align=\"center\">2021<\/td>\n<td style=\"border-bottom: 1px solid #339966;\" align=\"center\">2022<\/td>\n<td style=\"border-bottom: 1px solid #339966;\" align=\"center\"><b>Razem<\/b><\/td>\n<\/tr>\n<tr bgcolor=\"\">\n<td style=\"border-bottom: 1px solid #339966;\">Publikacje z nowego (2019 r.) wykazu czasopism MEiN<br \/>\n<em>(w tym publikacje za 70-200 pkt.)<\/em><\/td>\n<td style=\"border-bottom: 1px solid #339966;\" align=\"center\">53<br \/>\n<em>(31)<\/em><\/td>\n<td style=\"border-bottom: 1px solid #339966;\" align=\"center\">71<br \/>\n<em>(56)<\/em><\/td>\n<td style=\"border-bottom: 1px solid #339966;\" align=\"center\">91<br \/>\n<em>(74)<\/em><\/td>\n<td style=\"border-bottom: 1px solid #339966;\" align=\"center\">102<br \/>\n<em>(91)<\/em><\/td>\n<td style=\"border-bottom: 1px solid #339966;\" align=\"center\"><b>317<\/b><\/td>\n<\/tr>\n<tr bgcolor=\"\">\n<td style=\"border-bottom: 1px solid #339966;\">Publikacje spoza wykazu czasopism MEiN<br \/>\n<em>poni\u017cej 20 pkt<\/em><\/td>\n<td style=\"border-bottom: 1px solid #339966;\" align=\"center\">63<\/td>\n<td style=\"border-bottom: 1px solid #339966;\" align=\"center\">10<\/td>\n<td style=\"border-bottom: 1px solid #339966;\" align=\"center\"><\/td>\n<td style=\"border-bottom: 1px solid #339966;\" align=\"center\">13<\/td>\n<td style=\"border-bottom: 1px solid #339966;\" align=\"center\"><b>86<\/b><\/td>\n<\/tr>\n<tr bgcolor=\"\">\n<td style=\"border-bottom: 1px solid #339966;\">Monografie naukowe i rozdzia\u0142y w monografiach<\/td>\n<td style=\"border-bottom: 1px solid #339966;\" align=\"center\">13<\/td>\n<td style=\"border-bottom: 1px solid #339966;\" align=\"center\">25<\/td>\n<td style=\"border-bottom: 1px solid #339966;\" align=\"center\">14<\/td>\n<td style=\"border-bottom: 1px solid #339966;\" align=\"center\">13<\/td>\n<td style=\"border-bottom: 1px solid #339966;\" align=\"center\"><b>65<\/b><\/td>\n<\/tr>\n<tr bgcolor=\"\">\n<td style=\"border-bottom: 1px solid #339966;\">Publikacje w materia\u0142ach pokonferencyjnych indeksowanych w Web of Science, Scopus<\/td>\n<td style=\"border-bottom: 1px solid #339966;\" align=\"center\">45<\/td>\n<td style=\"border-bottom: 1px solid #339966;\" align=\"center\"><\/td>\n<td style=\"border-bottom: 1px solid #339966;\" align=\"center\"><\/td>\n<td style=\"border-bottom: 1px solid #339966;\" align=\"center\"><\/td>\n<td style=\"border-bottom: 1px solid #339966;\" align=\"center\"><b>45<\/b><\/td>\n<\/tr>\n<\/tbody>\n<\/table>\n<p>Poni\u017cej zamieszczono liczbowy wykaz wybranych publikacji pracownik\u00f3w Wydzia\u0142u In\u017cynierii Mechanicznej za lata 2015 &#8211; 2018<\/p>\n<table style=\"padding-bottom: 30px;\" width=\"100%\" cellspacing=\"0\" cellpadding=\"10\">\n<tbody>\n<tr bgcolor=\"\">\n<td style=\"border-bottom: 1px solid #339966;\" align=\"center\"><\/td>\n<td style=\"border-bottom: 1px solid #339966;\" align=\"center\">2015<\/td>\n<td style=\"border-bottom: 1px solid #339966;\" align=\"center\">2016<\/td>\n<td style=\"border-bottom: 1px solid #339966;\" align=\"center\">2017<\/td>\n<td style=\"border-bottom: 1px solid #339966;\" align=\"center\">2018<\/td>\n<td style=\"border-bottom: 1px solid #339966;\" align=\"center\"><b>Razem<\/b><\/td>\n<\/tr>\n<tr bgcolor=\"\">\n<td style=\"border-bottom: 1px solid #339966;\">Publikacje w czasopismach z cz\u0119\u015bci A wykazu czasopism MNISW<\/td>\n<td style=\"border-bottom: 1px solid #339966;\" align=\"center\">27<\/td>\n<td style=\"border-bottom: 1px solid #339966;\" align=\"center\">29<\/td>\n<td style=\"border-bottom: 1px solid #339966;\" align=\"center\">21<\/td>\n<td style=\"border-bottom: 1px solid #339966;\" align=\"center\">36<\/td>\n<td style=\"border-bottom: 1px solid #339966;\" align=\"center\"><b>113<\/b><\/td>\n<\/tr>\n<tr bgcolor=\"\">\n<td style=\"border-bottom: 1px solid #339966;\">Publikacje w czasopismach z cz\u0119\u015bci B wykazu czasopism MNISW<\/td>\n<td style=\"border-bottom: 1px solid #339966;\" align=\"center\">76<\/td>\n<td style=\"border-bottom: 1px solid #339966;\" align=\"center\">55<\/td>\n<td style=\"border-bottom: 1px solid #339966;\" align=\"center\">50<\/td>\n<td style=\"border-bottom: 1px solid #339966;\" align=\"center\">56<\/td>\n<td style=\"border-bottom: 1px solid #339966;\" align=\"center\"><b>237<\/b><\/td>\n<\/tr>\n<tr bgcolor=\"\">\n<td style=\"border-bottom: 1px solid #339966;\">Monografie naukowe i rozdzia\u0142y w monografiach<\/td>\n<td style=\"border-bottom: 1px solid #339966;\" align=\"center\">15<\/td>\n<td style=\"border-bottom: 1px solid #339966;\" align=\"center\">17<\/td>\n<td style=\"border-bottom: 1px solid #339966;\" align=\"center\">8<\/td>\n<td style=\"border-bottom: 1px solid #339966;\" align=\"center\">28<\/td>\n<td style=\"border-bottom: 1px solid #339966;\" align=\"center\"><b>68<\/b><\/td>\n<\/tr>\n<tr bgcolor=\"\">\n<td style=\"border-bottom: 1px solid #339966;\">Publikacje w materia\u0142ach pokonferencyjnych indeksowanych w Web of Science, Scopus<\/td>\n<td style=\"border-bottom: 1px solid #339966;\" align=\"center\">26<\/td>\n<td style=\"border-bottom: 1px solid #339966;\" align=\"center\">24<\/td>\n<td style=\"border-bottom: 1px solid #339966;\" align=\"center\">15<\/td>\n<td style=\"border-bottom: 1px solid #339966;\" align=\"center\">51<\/td>\n<td style=\"border-bottom: 1px solid #339966;\" align=\"center\"><b>116<\/b><\/td>\n<\/tr>\n<\/tbody>\n<\/table>\n<p><strong>2. Punktacja za publikacje naukowe w roku 2021<\/strong><\/p>\n<p>NOWY wykaz czasopism naukowych i recenzowanych materia\u0142\u00f3w z konferencji mi\u0119dzynarodowych<br \/>\nwraz z przypisan\u0105 liczb\u0105 punkt\u00f3w og\u0142oszony w dniu <b>1.12.2021 r.<\/b><\/p>\n<table style=\"padding-bottom: 30px;\" width=\"90%\" cellspacing=\"0\" cellpadding=\"10\">\n<tbody>\n<tr style=\"cursor: pointer;\" bgcolor=\"\">\n<td style=\"border-bottom: 1px solid #339966;\"><img decoding=\"async\" style=\"padding-right: 20px; padding-left: 30px; vertical-align: middle; float: left;\" src=\"..\/..\/test\/wp-content\/uploads\/ikony\/ico_pdf.png\" \/>Punktacja za artyku\u0142y w czasopismach z nowego wykazu MEiN dla publikacji w 2021 roku<\/td>\n<\/tr>\n<\/tbody>\n<\/table>\n<p><strong>3. Punktacja za publikacje naukowe w latach 2019-2020<\/strong><\/p>\n<p>Wykaz wydawnictw publikuj\u0105cych recenzowane monografie naukowe og\u0142oszony w dniu 17.12.2019 r.<\/p>\n<table style=\"padding-bottom: 30px;\" width=\"90%\" cellspacing=\"0\" cellpadding=\"10\">\n<tbody>\n<tr style=\"cursor: pointer;\" bgcolor=\"\">\n<td style=\"border-bottom: 1px solid #339966;\"><img decoding=\"async\" style=\"padding-right: 20px; padding-left: 30px; vertical-align: middle; float: left;\" src=\"..\/..\/test\/wp-content\/uploads\/ikony\/ico_pdf.png\" \/>Punktacja za recenzowane monografie naukowe za lata 2017-2020<\/td>\n<\/tr>\n<\/tbody>\n<\/table>\n<p>NOWY wykaz czasopism naukowych i recenzowanych materia\u0142\u00f3w z konferencji miedzynarodowych<br \/>\nwraz z przypisan\u0105 liczb\u0105 punkt\u00f3w og\u0142oszony w dniu <b>01.02.2021 r.<\/b><\/p>\n<table style=\"padding-bottom: 30px;\" width=\"90%\" cellspacing=\"0\" cellpadding=\"10\">\n<tbody>\n<tr style=\"cursor: pointer;\" bgcolor=\"\">\n<td style=\"border-bottom: 1px solid #339966;\"><img decoding=\"async\" style=\"padding-right: 20px; padding-left: 30px; vertical-align: middle; float: left;\" src=\"..\/..\/test\/wp-content\/uploads\/ikony\/ico_pdf.png\" \/>Punktacja za artyku\u0142y w czasopismach z nowego wykazu MEiN dla publikacji w latach 2019-2020<\/td>\n<\/tr>\n<tr style=\"cursor: pointer;\" bgcolor=\"\">\n<td style=\"border-bottom: 1px solid #339966;\"><img decoding=\"async\" style=\"padding-right: 20px; padding-left: 30px; vertical-align: middle; float: left;\" src=\"..\/..\/test\/wp-content\/uploads\/ikony\/ico_xls.png\" \/>Wykaz czasopism z dyscypliny naukowej: In\u017cynieria Mechaniczna + adresy stron internetowych<\/td>\n<\/tr>\n<\/tbody>\n<\/table>\n<p><strong>4. Punktacja za artyku\u0142y naukowe opublikowane w roku 2017 i 2018<\/strong><\/p>\n<p>Lista czasopism punktowanych og\u0142oszona w dniu 26.01.2017<\/p>\n<table style=\"padding-bottom: 30px;\" width=\"90%\" cellspacing=\"0\" cellpadding=\"10\">\n<tbody>\n<tr style=\"cursor: pointer;\" bgcolor=\"\">\n<td style=\"border-bottom: 1px solid #339966;\"><img decoding=\"async\" style=\"padding-right: 20px; padding-left: 30px; vertical-align: middle; float: left;\" src=\"..\/..\/test\/wp-content\/uploads\/ikony\/ico_pdf.png\" \/>Cz\u0119\u015b\u0107 A ujednoliconego wykazu czasopism naukowych za lata 2013 \u2013 2016<\/td>\n<\/tr>\n<tr style=\"cursor: pointer;\" bgcolor=\"\">\n<td style=\"border-bottom: 1px solid #339966;\"><img decoding=\"async\" style=\"padding-right: 20px; padding-left: 30px; vertical-align: middle; float: left;\" src=\"..\/..\/test\/wp-content\/uploads\/ikony\/ico_pdf.png\" \/>Cz\u0119\u015b\u0107 B ujednoliconego wykazu czasopism naukowych za lata 2013 \u2013 2016<\/td>\n<\/tr>\n<tr style=\"cursor: pointer;\" bgcolor=\"\">\n<td style=\"border-bottom: 1px solid #339966;\"><img decoding=\"async\" style=\"padding-right: 20px; padding-left: 30px; vertical-align: middle; float: left;\" src=\"..\/..\/test\/wp-content\/uploads\/ikony\/ico_pdf.png\" \/>Cz\u0119\u015b\u0107 C ujednoliconego wykazu czasopism naukowych za lata 2013 \u2013 2016<\/td>\n<\/tr>\n<\/tbody>\n<\/table>\n<p><strong>5. Wyszukiwarka punktowanych czasopism naukowych MNiSW, dla listy z 09.02.2021 r. &#8211; NOWY wykaz<\/strong><\/p>\n<p><a class=\"label-info\" title=\"Wyszukiwarka czasopism\" href=\"https:\/\/wykazy.net.pl\/\" target=\"_blank\" rel=\"noopener\">Szukaj czasopisma<\/a><\/p>\n<p><strong>6. Mi\u0119dzynarodowa wyszukiwarka czasopism naukowych Scimago Journal &amp; Country Rank<\/strong><\/p>\n<p><a class=\"label-info\" title=\"Wyszukiwarka czasopism\" href=\"https:\/\/www.scimagojr.com\/\" target=\"_blank\" rel=\"noopener\">Szukaj czasopisma<\/a><\/p>\n<p><strong>7. Wyszukiwarka punktowanych czasopism naukowych MNiSW, dla listy z 26.01.2017 r.<\/strong><\/p>\n<p><a class=\"label-info\" title=\"Wyszukiwarka czasopism\" href=\"https:\/\/punktacjaczasopism.pl\/\" target=\"_blank\" rel=\"noopener\">Szukaj czasopisma<\/a><\/p>\n<\/div>\n","protected":false},"excerpt":{"rendered":"<p>Aktualna lista publikacji naukowych znajduje si\u0119 na stronie Bazy Wiedzy WAT pod linkiem: https:\/\/repo.bg.wat.edu.pl 1. Dzia\u0142alno\u015b\u0107 publikacyjna Wydzia\u0142u Pracownicy naukowi opublikowali w 60 letnim okresie istnienia Wydzia\u0142u: ponad 300 monografii, ponad 3000 artyku\u0142\u00f3w w czasopismach krajowych i zagranicznych, ponad 3000 referat\u00f3w wyg\u0142oszonych i opublikowanych w materia\u0142ach konferencyjnych krajowych i zagranicznych. Liczbowy wykaz wybranych publikacji pracownik\u00f3w [&hellip;]<\/p>\n","protected":false},"author":2,"featured_media":0,"parent":0,"menu_order":0,"comment_status":"closed","ping_status":"closed","template":"","meta":[],"_links":{"self":[{"href":"https:\/\/www.wim.wat.edu.pl\/test\/wp-json\/wp\/v2\/pages\/8752"}],"collection":[{"href":"https:\/\/www.wim.wat.edu.pl\/test\/wp-json\/wp\/v2\/pages"}],"about":[{"href":"https:\/\/www.wim.wat.edu.pl\/test\/wp-json\/wp\/v2\/types\/page"}],"author":[{"embeddable":true,"href":"https:\/\/www.wim.wat.edu.pl\/test\/wp-json\/wp\/v2\/users\/2"}],"replies":[{"embeddable":true,"href":"https:\/\/www.wim.wat.edu.pl\/test\/wp-json\/wp\/v2\/comments?post=8752"}],"version-history":[{"count":19,"href":"https:\/\/www.wim.wat.edu.pl\/test\/wp-json\/wp\/v2\/pages\/8752\/revisions"}],"predecessor-version":[{"id":8851,"href":"https:\/\/www.wim.wat.edu.pl\/test\/wp-json\/wp\/v2\/pages\/8752\/revisions\/8851"}],"wp:attachment":[{"href":"https:\/\/www.wim.wat.edu.pl\/test\/wp-json\/wp\/v2\/media?parent=8752"}],"curies":[{"name":"wp","href":"https:\/\/api.w.org\/{rel}","templated":true}]}}